{"id":4823,"date":"2024-06-19T15:16:36","date_gmt":"2024-06-19T12:16:36","guid":{"rendered":"http:\/\/thermole.com.tr\/?page_id=4823"},"modified":"2026-04-03T19:42:53","modified_gmt":"2026-04-03T16:42:53","slug":"certificates","status":"publish","type":"page","link":"https:\/\/thermole.com.tr\/ru\/certificates\/","title":{"rendered":"\u0421\u0435\u0440\u0442\u0438\u0444\u0438\u043a\u0430\u0442\u044b"},"content":{"rendered":"<div data-elementor-type=\"wp-page\" data-elementor-id=\"4823\" class=\"elementor elementor-4823\" data-elementor-post-type=\"page\">\n\t\t\t\t<div class=\"elementor-element elementor-element-6557778 e-flex e-con-boxed e-con e-parent\" data-id=\"6557778\" data-element_type=\"container\" data-settings=\"{&quot;background_background&quot;:&quot;gradient&quot;}\">\n\t\t\t\t\t<div class=\"e-con-inner\">\n\t\t\t\t<div class=\"elementor-element elementor-element-4efa3da elementor-widget elementor-widget-heading\" data-id=\"4efa3da\" data-element_type=\"widget\" data-widget_type=\"heading.default\">\n\t\t\t\t<div class=\"elementor-widget-container\">\n\t\t\t\t\t<h1 class=\"elementor-heading-title elementor-size-default\">\u0421\u0435\u0440\u0442\u0438\u0444\u0438\u043a\u0430\u0442\u044b<\/h1>\t\t\t\t<\/div>\n\t\t\t\t<\/div>\n\t\t\t\t\t<\/div>\n\t\t\t\t<\/div>\n\t\t<div class=\"elementor-element elementor-element-28e11b3 e-flex e-con-boxed e-con e-parent\" data-id=\"28e11b3\" data-element_type=\"container\" data-settings=\"{&quot;background_background&quot;:&quot;classic&quot;}\">\n\t\t\t\t\t<div class=\"e-con-inner\">\n\t\t\t\t<div class=\"elementor-element elementor-element-3a93e58 elementor-widget__width-inherit elementor-invisible elementor-widget elementor-widget-heading\" data-id=\"3a93e58\" data-element_type=\"widget\" data-settings=\"{&quot;_animation&quot;:&quot;fadeIn&quot;}\" data-widget_type=\"heading.default\">\n\t\t\t\t<div class=\"elementor-widget-container\">\n\t\t\t\t\t<h1 class=\"elementor-heading-title elementor-size-default\">\u041d\u0430\u0448\u0430 \u043f\u0440\u043e\u0434\u0443\u043a\u0446\u0438\u044f \u0441\u043e\u043e\u0442\u0432\u0435\u0442\u0441\u0442\u0432\u0443\u0435\u0442 \u043c\u0435\u0436\u0434\u0443\u043d\u0430\u0440\u043e\u0434\u043d\u044b\u043c \u0441\u0442\u0430\u043d\u0434\u0430\u0440\u0442\u0430\u043c \u043a\u0430\u0447\u0435\u0441\u0442\u0432\u0430.<\/h1>\t\t\t\t<\/div>\n\t\t\t\t<\/div>\n\t\t\t\t<div class=\"elementor-element elementor-element-4d77648 elementor-widget elementor-widget-text-editor\" data-id=\"4d77648\" data-element_type=\"widget\" data-widget_type=\"text-editor.default\">\n\t\t\t\t<div class=\"elementor-widget-container\">\n\t\t\t\t\t\t\t\t\t<p>\u0412 \u043a\u043e\u043c\u043f\u0430\u043d\u0438\u0438 Thermole \u043c\u044b \u043f\u043e\u0434\u0432\u0435\u0440\u0433\u0430\u0435\u043c \u043d\u0430\u0448\u0438 \u0441\u0438\u0441\u0442\u0435\u043c\u044b \u043a\u043e\u043d\u0442\u0440\u043e\u043b\u044f \u043a\u0430\u0447\u0435\u0441\u0442\u0432\u0430 \u043f\u0440\u043e\u0434\u0443\u043a\u0446\u0438\u0438 \u0438 \u0443\u043f\u0440\u0430\u0432\u043b\u0435\u043d\u0438\u044f \u043a\u0430\u0447\u0435\u0441\u0442\u0432\u043e\u043c \u0430\u0443\u0434\u0438\u0442\u0443 \u0441\u043e \u0441\u0442\u043e\u0440\u043e\u043d\u044b \u043d\u0435\u0437\u0430\u0432\u0438\u0441\u0438\u043c\u044b\u0445 \u043c\u0435\u0436\u0434\u0443\u043d\u0430\u0440\u043e\u0434\u043d\u044b\u0445 \u043e\u0440\u0433\u0430\u043d\u0438\u0437\u0430\u0446\u0438\u0439. \u041d\u0430\u0448\u0438 \u043f\u0440\u043e\u0438\u0437\u0432\u043e\u0434\u0441\u0442\u0432\u0435\u043d\u043d\u044b\u0435 \u043f\u0440\u043e\u0446\u0435\u0441\u0441\u044b \u043f\u043e\u043b\u043d\u043e\u0441\u0442\u044c\u044e \u0441\u043e\u043e\u0442\u0432\u0435\u0442\u0441\u0442\u0432\u0443\u044e\u0442 \u0435\u0432\u0440\u043e\u043f\u0435\u0439\u0441\u043a\u0438\u043c \u043d\u043e\u0440\u043c\u0430\u043c (EN) \u0438 \u043c\u0438\u0440\u043e\u0432\u044b\u043c \u0441\u0442\u0430\u043d\u0434\u0430\u0440\u0442\u0430\u043c.<\/p>\t\t\t\t\t\t\t\t<\/div>\n\t\t\t\t<\/div>\n\t\t\t\t\t<\/div>\n\t\t\t\t<\/div>\n\t\t<div class=\"elementor-element elementor-element-6708553 e-flex e-con-boxed e-con e-parent\" data-id=\"6708553\" data-element_type=\"container\">\n\t\t\t\t\t<div class=\"e-con-inner\">\n\t\t<div class=\"elementor-element elementor-element-e507889 e-con-full e-flex elementor-invisible e-con e-child\" data-id=\"e507889\" data-element_type=\"container\" data-settings=\"{&quot;background_background&quot;:&quot;classic&quot;,&quot;animation&quot;:&quot;fadeInLeft&quot;,&quot;animation_mobile&quot;:&quot;fadeInLeft&quot;}\">\n\t\t\t\t<div class=\"elementor-element elementor-element-6e1e428 elementor-widget elementor-widget-heading\" data-id=\"6e1e428\" data-element_type=\"widget\" data-widget_type=\"heading.default\">\n\t\t\t\t<div class=\"elementor-widget-container\">\n\t\t\t\t\t<h2 class=\"elementor-heading-title elementor-size-default\">\u0410\u0422\u0413<\/h2>\t\t\t\t<\/div>\n\t\t\t\t<\/div>\n\t\t\t\t<div class=\"elementor-element elementor-element-5aa6bcf elementor-widget elementor-widget-heading\" data-id=\"5aa6bcf\" data-element_type=\"widget\" data-widget_type=\"heading.default\">\n\t\t\t\t<div class=\"elementor-widget-container\">\n\t\t\t\t\t<h2 class=\"elementor-heading-title elementor-size-default\">\u0421\u0435\u0440\u0442\u0438\u0444\u0438\u043a\u0430\u0442 \u0441\u043e\u043e\u0442\u0432\u0435\u0442\u0441\u0442\u0432\u0438\u044f \u0438\u0437\u043e\u043b\u044f\u0446\u0438\u043e\u043d\u043d\u043e\u043c\u0443 \u043f\u0440\u043e\u0444\u0438\u043b\u044e<\/h2>\t\t\t\t<\/div>\n\t\t\t\t<\/div>\n\t\t\t\t<div class=\"elementor-element elementor-element-4abc69c elementor-widget elementor-widget-image\" data-id=\"4abc69c\" data-element_type=\"widget\" data-settings=\"{&quot;_animation&quot;:&quot;none&quot;}\" data-widget_type=\"image.default\">\n\t\t\t\t<div class=\"elementor-widget-container\">\n\t\t\t\t\t\t\t\t\t\t\t\t\t\t\t\t<a href=\"https:\/\/thermole.com.tr\/wp-content\/uploads\/2026\/03\/ATGH987-Thermole.webp\" data-elementor-open-lightbox=\"yes\" data-elementor-lightbox-title=\"ATGH987-Thermole\" data-elementor-lightbox-description=\"ATGH987-Thermole\" data-e-action-hash=\"#elementor-action%3Aaction%3Dlightbox%26settings%3DeyJpZCI6NjYxNSwidXJsIjoiaHR0cHM6XC9cL3RoZXJtb2xlLmNvbS50clwvd3AtY29udGVudFwvdXBsb2Fkc1wvMjAyNlwvMDNcL0FUR0g5ODctVGhlcm1vbGUud2VicCJ9\">\n\t\t\t\t\t\t\t<img fetchpriority=\"high\" decoding=\"async\" width=\"724\" height=\"1024\" src=\"https:\/\/thermole.com.tr\/wp-content\/uploads\/2026\/03\/ATGH987-Thermole-724x1024.webp\" class=\"attachment-large size-large wp-image-6615\" alt=\"ATGH987-Thermole\" srcset=\"https:\/\/thermole.com.tr\/wp-content\/uploads\/2026\/03\/ATGH987-Thermole-724x1024.webp 724w, https:\/\/thermole.com.tr\/wp-content\/uploads\/2026\/03\/ATGH987-Thermole-212x300.webp 212w, https:\/\/thermole.com.tr\/wp-content\/uploads\/2026\/03\/ATGH987-Thermole-768x1086.webp 768w, https:\/\/thermole.com.tr\/wp-content\/uploads\/2026\/03\/ATGH987-Thermole-1086x1536.webp 1086w, https:\/\/thermole.com.tr\/wp-content\/uploads\/2026\/03\/ATGH987-Thermole-1448x2048.webp 1448w, https:\/\/thermole.com.tr\/wp-content\/uploads\/2026\/03\/ATGH987-Thermole-8x12.webp 8w, https:\/\/thermole.com.tr\/wp-content\/uploads\/2026\/03\/ATGH987-Thermole.webp 1654w\" sizes=\"(max-width: 724px) 100vw, 724px\" \/>\t\t\t\t\t\t\t\t<\/a>\n\t\t\t\t\t\t\t\t\t\t\t\t\t\t\t<\/div>\n\t\t\t\t<\/div>\n\t\t\t\t<div class=\"elementor-element elementor-element-6701be3 elementor-widget elementor-widget-heading\" data-id=\"6701be3\" data-element_type=\"widget\" data-widget_type=\"heading.default\">\n\t\t\t\t<div class=\"elementor-widget-container\">\n\t\t\t\t\t<h2 class=\"elementor-heading-title elementor-size-default\"><a href=\"https:\/\/butgb-ubatc.be\/en\/technical_approval\/atg-h987\/\" target=\"_blank\" rel=\"noopener\">\u0412\u0435\u0431-\u0441\u0430\u0439\u0442 UBATc<\/a><\/h2>\t\t\t\t<\/div>\n\t\t\t\t<\/div>\n\t\t\t\t<\/div>\n\t\t<div class=\"elementor-element elementor-element-b71f795 e-con-full e-flex elementor-invisible e-con e-child\" data-id=\"b71f795\" data-element_type=\"container\" data-settings=\"{&quot;background_background&quot;:&quot;classic&quot;,&quot;animation&quot;:&quot;fadeInRight&quot;,&quot;animation_mobile&quot;:&quot;fadeInLeft&quot;}\">\n\t\t\t\t<div class=\"elementor-element elementor-element-6df916e elementor-widget elementor-widget-heading\" data-id=\"6df916e\" data-element_type=\"widget\" data-widget_type=\"heading.default\">\n\t\t\t\t<div class=\"elementor-widget-container\">\n\t\t\t\t\t<h2 class=\"elementor-heading-title elementor-size-default\">\u0418\u0421\u041e 9001: 2015<\/h2>\t\t\t\t<\/div>\n\t\t\t\t<\/div>\n\t\t\t\t<div class=\"elementor-element elementor-element-17ab0d8 elementor-widget elementor-widget-heading\" data-id=\"17ab0d8\" data-element_type=\"widget\" data-widget_type=\"heading.default\">\n\t\t\t\t<div class=\"elementor-widget-container\">\n\t\t\t\t\t<h2 class=\"elementor-heading-title elementor-size-default\">\u0421\u0438\u0441\u0442\u0435\u043c\u0430 \u0443\u043f\u0440\u0430\u0432\u043b\u0435\u043d\u0438\u044f \u043a\u0430\u0447\u0435\u0441\u0442\u0432\u043e\u043c<\/h2>\t\t\t\t<\/div>\n\t\t\t\t<\/div>\n\t\t\t\t<div class=\"elementor-element elementor-element-fcbf100 elementor-widget elementor-widget-image\" data-id=\"fcbf100\" data-element_type=\"widget\" data-settings=\"{&quot;_animation&quot;:&quot;none&quot;}\" data-widget_type=\"image.default\">\n\t\t\t\t<div class=\"elementor-widget-container\">\n\t\t\t\t\t\t\t\t\t\t\t\t\t\t\t\t<a href=\"https:\/\/thermole.com.tr\/wp-content\/uploads\/2025\/09\/thermole-iso9001.webp\" data-elementor-open-lightbox=\"yes\" data-elementor-lightbox-title=\"thermole-iso9001\" data-e-action-hash=\"#elementor-action%3Aaction%3Dlightbox%26settings%3DeyJpZCI6NTIyOCwidXJsIjoiaHR0cHM6XC9cL3RoZXJtb2xlLmNvbS50clwvd3AtY29udGVudFwvdXBsb2Fkc1wvMjAyNVwvMDlcL3RoZXJtb2xlLWlzbzkwMDEud2VicCJ9\">\n\t\t\t\t\t\t\t<img decoding=\"async\" width=\"596\" height=\"849\" src=\"https:\/\/thermole.com.tr\/wp-content\/uploads\/2025\/09\/thermole-iso9001.webp\" class=\"attachment-large size-large wp-image-5228\" alt=\"\" srcset=\"https:\/\/thermole.com.tr\/wp-content\/uploads\/2025\/09\/thermole-iso9001.webp 596w, https:\/\/thermole.com.tr\/wp-content\/uploads\/2025\/09\/thermole-iso9001-211x300.webp 211w, https:\/\/thermole.com.tr\/wp-content\/uploads\/2025\/09\/thermole-iso9001-8x12.webp 8w, https:\/\/thermole.com.tr\/wp-content\/uploads\/2025\/09\/thermole-iso9001-200x285.webp 200w\" sizes=\"(max-width: 596px) 100vw, 596px\" \/>\t\t\t\t\t\t\t\t<\/a>\n\t\t\t\t\t\t\t\t\t\t\t\t\t\t\t<\/div>\n\t\t\t\t<\/div>\n\t\t\t\t<div class=\"elementor-element elementor-element-81db651 elementor-widget elementor-widget-heading\" data-id=\"81db651\" data-element_type=\"widget\" data-widget_type=\"heading.default\">\n\t\t\t\t<div class=\"elementor-widget-container\">\n\t\t\t\t\t<div class=\"elementor-heading-title elementor-size-default\">\u0413\u043b\u043e\u0431\u0430\u043b\u044c\u043d\u044b\u0439 \u0441\u0442\u0430\u043d\u0434\u0430\u0440\u0442 \u0432 \u043e\u0431\u043b\u0430\u0441\u0442\u0438 \u0443\u0434\u043e\u0432\u043b\u0435\u0442\u0432\u043e\u0440\u0435\u043d\u043d\u043e\u0441\u0442\u0438 \u043a\u043b\u0438\u0435\u043d\u0442\u043e\u0432 \u0438 \u0443\u043f\u0440\u0430\u0432\u043b\u0435\u043d\u0438\u044f \u043f\u0440\u043e\u0446\u0435\u0441\u0441\u0430\u043c\u0438.<\/div>\t\t\t\t<\/div>\n\t\t\t\t<\/div>\n\t\t\t\t<\/div>\n\t\t\t\t\t<\/div>\n\t\t\t\t<\/div>\n\t\t<div class=\"elementor-element elementor-element-8e5e729 e-flex e-con-boxed e-con e-parent\" data-id=\"8e5e729\" data-element_type=\"container\">\n\t\t\t\t\t<div class=\"e-con-inner\">\n\t\t<div class=\"elementor-element elementor-element-6552092 e-con-full e-flex elementor-invisible e-con e-child\" data-id=\"6552092\" data-element_type=\"container\" data-settings=\"{&quot;background_background&quot;:&quot;classic&quot;,&quot;animation&quot;:&quot;fadeIn&quot;,&quot;animation_mobile&quot;:&quot;fadeInLeft&quot;}\">\n\t\t\t\t<div class=\"elementor-element elementor-element-2a0f82e elementor-widget elementor-widget-heading\" data-id=\"2a0f82e\" data-element_type=\"widget\" data-widget_type=\"heading.default\">\n\t\t\t\t<div class=\"elementor-widget-container\">\n\t\t\t\t\t<h2 class=\"elementor-heading-title elementor-size-default\">\u0418\u0421\u041e 45001: 2018<\/h2>\t\t\t\t<\/div>\n\t\t\t\t<\/div>\n\t\t\t\t<div class=\"elementor-element elementor-element-f60678b elementor-widget elementor-widget-heading\" data-id=\"f60678b\" data-element_type=\"widget\" data-widget_type=\"heading.default\">\n\t\t\t\t<div class=\"elementor-widget-container\">\n\t\t\t\t\t<h2 class=\"elementor-heading-title elementor-size-default\">\u0421\u0438\u0441\u0442\u0435\u043c\u0430 \u0443\u043f\u0440\u0430\u0432\u043b\u0435\u043d\u0438\u044f \u043e\u0445\u0440\u0430\u043d\u043e\u0439 \u0442\u0440\u0443\u0434\u0430 \u0438 \u0442\u0435\u0445\u043d\u0438\u043a\u043e\u0439 \u0431\u0435\u0437\u043e\u043f\u0430\u0441\u043d\u043e\u0441\u0442\u0438<\/h2>\t\t\t\t<\/div>\n\t\t\t\t<\/div>\n\t\t\t\t<div class=\"elementor-element elementor-element-38109d8 elementor-widget elementor-widget-image\" data-id=\"38109d8\" data-element_type=\"widget\" data-settings=\"{&quot;_animation&quot;:&quot;none&quot;}\" data-widget_type=\"image.default\">\n\t\t\t\t<div class=\"elementor-widget-container\">\n\t\t\t\t\t\t\t\t\t\t\t\t\t\t\t\t<a href=\"https:\/\/thermole.com.tr\/wp-content\/uploads\/2025\/09\/thermole-iso45001.webp\" data-elementor-open-lightbox=\"yes\" data-elementor-lightbox-title=\"thermole-iso45001\" data-e-action-hash=\"#elementor-action%3Aaction%3Dlightbox%26settings%3DeyJpZCI6NTIzMCwidXJsIjoiaHR0cHM6XC9cL3RoZXJtb2xlLmNvbS50clwvd3AtY29udGVudFwvdXBsb2Fkc1wvMjAyNVwvMDlcL3RoZXJtb2xlLWlzbzQ1MDAxLndlYnAifQ%3D%3D\">\n\t\t\t\t\t\t\t<img decoding=\"async\" width=\"570\" height=\"820\" src=\"https:\/\/thermole.com.tr\/wp-content\/uploads\/2025\/09\/thermole-iso45001.webp\" class=\"attachment-large size-large wp-image-5230\" alt=\"\" srcset=\"https:\/\/thermole.com.tr\/wp-content\/uploads\/2025\/09\/thermole-iso45001.webp 570w, https:\/\/thermole.com.tr\/wp-content\/uploads\/2025\/09\/thermole-iso45001-209x300.webp 209w, https:\/\/thermole.com.tr\/wp-content\/uploads\/2025\/09\/thermole-iso45001-8x12.webp 8w, https:\/\/thermole.com.tr\/wp-content\/uploads\/2025\/09\/thermole-iso45001-200x288.webp 200w\" sizes=\"(max-width: 570px) 100vw, 570px\" \/>\t\t\t\t\t\t\t\t<\/a>\n\t\t\t\t\t\t\t\t\t\t\t\t\t\t\t<\/div>\n\t\t\t\t<\/div>\n\t\t\t\t<div class=\"elementor-element elementor-element-a364c05 elementor-widget elementor-widget-heading\" data-id=\"a364c05\" data-element_type=\"widget\" data-widget_type=\"heading.default\">\n\t\t\t\t<div class=\"elementor-widget-container\">\n\t\t\t\t\t<h2 class=\"elementor-heading-title elementor-size-default\">\u0411\u0435\u0437\u043e\u043f\u0430\u0441\u043d\u043e\u0441\u0442\u044c \u043d\u0430\u0448\u0438\u0445 \u0441\u043e\u0442\u0440\u0443\u0434\u043d\u0438\u043a\u043e\u0432 \u2014 \u043d\u0430\u0448 \u043f\u0440\u0438\u043e\u0440\u0438\u0442\u0435\u0442.<\/h2>\t\t\t\t<\/div>\n\t\t\t\t<\/div>\n\t\t\t\t<\/div>\n\t\t<div class=\"elementor-element elementor-element-3a14e46 e-con-full e-flex elementor-invisible e-con e-child\" data-id=\"3a14e46\" data-element_type=\"container\" data-settings=\"{&quot;background_background&quot;:&quot;classic&quot;,&quot;animation&quot;:&quot;fadeIn&quot;,&quot;animation_mobile&quot;:&quot;fadeInLeft&quot;}\">\n\t\t\t\t<div class=\"elementor-element elementor-element-80270a9 elementor-widget elementor-widget-heading\" data-id=\"80270a9\" data-element_type=\"widget\" data-widget_type=\"heading.default\">\n\t\t\t\t<div class=\"elementor-widget-container\">\n\t\t\t\t\t<h2 class=\"elementor-heading-title elementor-size-default\">\u0418\u0421\u041e 14001: 2015<\/h2>\t\t\t\t<\/div>\n\t\t\t\t<\/div>\n\t\t\t\t<div class=\"elementor-element elementor-element-421a423 elementor-widget elementor-widget-heading\" data-id=\"421a423\" data-element_type=\"widget\" data-widget_type=\"heading.default\">\n\t\t\t\t<div class=\"elementor-widget-container\">\n\t\t\t\t\t<h2 class=\"elementor-heading-title elementor-size-default\">\u0421\u0438\u0441\u0442\u0435\u043c\u0430 \u044d\u043a\u043e\u043b\u043e\u0433\u0438\u0447\u0435\u0441\u043a\u043e\u0433\u043e \u043c\u0435\u043d\u0435\u0434\u0436\u043c\u0435\u043d\u0442\u0430<\/h2>\t\t\t\t<\/div>\n\t\t\t\t<\/div>\n\t\t\t\t<div class=\"elementor-element elementor-element-e8505b6 elementor-widget elementor-widget-image\" data-id=\"e8505b6\" data-element_type=\"widget\" data-settings=\"{&quot;_animation&quot;:&quot;none&quot;}\" data-widget_type=\"image.default\">\n\t\t\t\t<div class=\"elementor-widget-container\">\n\t\t\t\t\t\t\t\t\t\t\t\t\t\t\t\t<a href=\"https:\/\/thermole.com.tr\/wp-content\/uploads\/2025\/09\/thermole-iso14001.webp\" data-elementor-open-lightbox=\"yes\" data-elementor-lightbox-title=\"thermole-iso14001\" data-e-action-hash=\"#elementor-action%3Aaction%3Dlightbox%26settings%3DeyJpZCI6NTIyOSwidXJsIjoiaHR0cHM6XC9cL3RoZXJtb2xlLmNvbS50clwvd3AtY29udGVudFwvdXBsb2Fkc1wvMjAyNVwvMDlcL3RoZXJtb2xlLWlzbzE0MDAxLndlYnAifQ%3D%3D\">\n\t\t\t\t\t\t\t<img loading=\"lazy\" decoding=\"async\" width=\"592\" height=\"834\" src=\"https:\/\/thermole.com.tr\/wp-content\/uploads\/2025\/09\/thermole-iso14001.webp\" class=\"attachment-large size-large wp-image-5229\" alt=\"\" srcset=\"https:\/\/thermole.com.tr\/wp-content\/uploads\/2025\/09\/thermole-iso14001.webp 592w, https:\/\/thermole.com.tr\/wp-content\/uploads\/2025\/09\/thermole-iso14001-213x300.webp 213w, https:\/\/thermole.com.tr\/wp-content\/uploads\/2025\/09\/thermole-iso14001-9x12.webp 9w, https:\/\/thermole.com.tr\/wp-content\/uploads\/2025\/09\/thermole-iso14001-200x282.webp 200w\" sizes=\"(max-width: 592px) 100vw, 592px\" \/>\t\t\t\t\t\t\t\t<\/a>\n\t\t\t\t\t\t\t\t\t\t\t\t\t\t\t<\/div>\n\t\t\t\t<\/div>\n\t\t\t\t<div class=\"elementor-element elementor-element-07c767e elementor-widget elementor-widget-heading\" data-id=\"07c767e\" data-element_type=\"widget\" data-widget_type=\"heading.default\">\n\t\t\t\t<div class=\"elementor-widget-container\">\n\t\t\t\t\t<h2 class=\"elementor-heading-title elementor-size-default\">\u041d\u0430\u0448\u0430 \u043f\u0440\u0438\u0432\u0435\u0440\u0436\u0435\u043d\u043d\u043e\u0441\u0442\u044c \u044d\u043a\u043e\u043b\u043e\u0433\u0438\u0447\u0435\u0441\u043a\u0438 \u0447\u0438\u0441\u0442\u043e\u043c\u0443 \u043f\u0440\u043e\u0438\u0437\u0432\u043e\u0434\u0441\u0442\u0432\u0443.<\/h2>\t\t\t\t<\/div>\n\t\t\t\t<\/div>\n\t\t\t\t<\/div>\n\t\t<div class=\"elementor-element elementor-element-b1cb6a5 e-con-full e-flex elementor-invisible e-con e-child\" data-id=\"b1cb6a5\" data-element_type=\"container\" data-settings=\"{&quot;background_background&quot;:&quot;classic&quot;,&quot;animation&quot;:&quot;fadeIn&quot;,&quot;animation_mobile&quot;:&quot;fadeInLeft&quot;}\">\n\t\t\t\t<div class=\"elementor-element elementor-element-e615a42 elementor-widget elementor-widget-heading\" data-id=\"e615a42\" data-element_type=\"widget\" data-widget_type=\"heading.default\">\n\t\t\t\t<div class=\"elementor-widget-container\">\n\t\t\t\t\t<h2 class=\"elementor-heading-title elementor-size-default\">\u0421\u0415\u0420\u0422\u0418\u0424\u0418\u041a\u0410\u0422 \u041d\u0423\u041b\u0415\u0412\u042b\u0425 \u041e\u0422\u0425\u041e\u0414\u041e\u0412<\/h2>\t\t\t\t<\/div>\n\t\t\t\t<\/div>\n\t\t\t\t<div class=\"elementor-element elementor-element-c33ea48 elementor-widget elementor-widget-heading\" data-id=\"c33ea48\" data-element_type=\"widget\" data-widget_type=\"heading.default\">\n\t\t\t\t<div class=\"elementor-widget-container\">\n\t\t\t\t\t<h2 class=\"elementor-heading-title elementor-size-default\">\u0421\u0438\u0441\u0442\u0435\u043c\u0430 \u0443\u043f\u0440\u0430\u0432\u043b\u0435\u043d\u0438\u044f \u0431\u0435\u0437\u043e\u0442\u0445\u043e\u0434\u043d\u044b\u043c \u043f\u0440\u043e\u0438\u0437\u0432\u043e\u0434\u0441\u0442\u0432\u043e\u043c<\/h2>\t\t\t\t<\/div>\n\t\t\t\t<\/div>\n\t\t\t\t<div class=\"elementor-element elementor-element-0955086 elementor-widget elementor-widget-image\" data-id=\"0955086\" data-element_type=\"widget\" data-settings=\"{&quot;_animation&quot;:&quot;none&quot;}\" data-widget_type=\"image.default\">\n\t\t\t\t<div class=\"elementor-widget-container\">\n\t\t\t\t\t\t\t\t\t\t\t\t\t\t\t\t<a href=\"https:\/\/thermole.com.tr\/wp-content\/uploads\/2026\/01\/sifir-atik-belgesi-scaled-e1768911220102.webp\" data-elementor-open-lightbox=\"yes\" data-elementor-lightbox-title=\"sifir-atik-belgesi\" data-e-action-hash=\"#elementor-action%3Aaction%3Dlightbox%26settings%3DeyJpZCI6NjYwMywidXJsIjoiaHR0cHM6XC9cL3RoZXJtb2xlLmNvbS50clwvd3AtY29udGVudFwvdXBsb2Fkc1wvMjAyNlwvMDFcL3NpZmlyLWF0aWstYmVsZ2VzaS1zY2FsZWQtZTE3Njg5MTEyMjAxMDIud2VicCJ9\">\n\t\t\t\t\t\t\t<img loading=\"lazy\" decoding=\"async\" width=\"800\" height=\"574\" src=\"https:\/\/thermole.com.tr\/wp-content\/uploads\/2026\/01\/sifir-atik-belgesi-scaled-e1768911220102-1024x735.webp\" class=\"attachment-large size-large wp-image-6603\" alt=\"\" srcset=\"https:\/\/thermole.com.tr\/wp-content\/uploads\/2026\/01\/sifir-atik-belgesi-scaled-e1768911220102-1024x735.webp 1024w, https:\/\/thermole.com.tr\/wp-content\/uploads\/2026\/01\/sifir-atik-belgesi-scaled-e1768911220102-300x215.webp 300w, https:\/\/thermole.com.tr\/wp-content\/uploads\/2026\/01\/sifir-atik-belgesi-scaled-e1768911220102-768x551.webp 768w, https:\/\/thermole.com.tr\/wp-content\/uploads\/2026\/01\/sifir-atik-belgesi-scaled-e1768911220102-1536x1102.webp 1536w, https:\/\/thermole.com.tr\/wp-content\/uploads\/2026\/01\/sifir-atik-belgesi-scaled-e1768911220102-2048x1470.webp 2048w, https:\/\/thermole.com.tr\/wp-content\/uploads\/2026\/01\/sifir-atik-belgesi-scaled-e1768911220102-18x12.webp 18w\" sizes=\"(max-width: 800px) 100vw, 800px\" \/>\t\t\t\t\t\t\t\t<\/a>\n\t\t\t\t\t\t\t\t\t\t\t\t\t\t\t<\/div>\n\t\t\t\t<\/div>\n\t\t\t\t<\/div>\n\t\t\t\t\t<\/div>\n\t\t\t\t<\/div>\n\t\t<div class=\"elementor-element elementor-element-de33bd1 e-flex e-con-boxed e-con e-parent\" data-id=\"de33bd1\" data-element_type=\"container\">\n\t\t\t\t\t<div class=\"e-con-inner\">\n\t\t\t\t<div class=\"elementor-element elementor-element-796289e elementor-align-justify elementor-mobile-align-justify elementor-widget__width-initial elementor-widget elementor-widget-button\" data-id=\"796289e\" data-element_type=\"widget\" data-widget_type=\"button.default\">\n\t\t\t\t<div class=\"elementor-widget-container\">\n\t\t\t\t\t\t\t\t\t<div class=\"elementor-button-wrapper\">\n\t\t\t\t\t<a class=\"elementor-button elementor-button-link elementor-size-sm\" href=\"https:\/\/wa.me\/905412450296\" target=\"_blank\" rel=\"noopener\">\n\t\t\t\t\t\t<span class=\"elementor-button-content-wrapper\">\n\t\t\t\t\t\t<span class=\"elementor-button-icon\">\n\t\t\t\t<svg aria-hidden=\"true\" class=\"e-font-icon-svg e-fas-file-download\" viewbox=\"0 0 384 512\" xmlns=\"http:\/\/www.w3.org\/2000\/svg\"><path d=\"M224 136V0H24C10.7 0 0 10.7 0 24v464c0 13.3 10.7 24 24 24h336c13.3 0 24-10.7 24-24V160H248c-13.2 0-24-10.8-24-24zm76.45 211.36l-96.42 95.7c-6.65 6.61-17.39 6.61-24.04 0l-96.42-95.7C73.42 337.29 80.54 320 94.82 320H160v-80c0-8.84 7.16-16 16-16h32c8.84 0 16 7.16 16 16v80h65.18c14.28 0 21.4 17.29 11.27 27.36zM377 105L279.1 7c-4.5-4.5-10.6-7-17-7H256v128h128v-6.1c0-6.3-2.5-12.4-7-16.9z\"><\/path><\/svg>\t\t\t<\/span>\n\t\t\t\t\t\t\t\t\t<span class=\"elementor-button-text\">\u0421\u043a\u0430\u0447\u0430\u0442\u044c \u0434\u043e\u043a\u0443\u043c\u0435\u043d\u0442\u044b \u0432 \u0444\u043e\u0440\u043c\u0430\u0442\u0435 PDF<\/span>\n\t\t\t\t\t<\/span>\n\t\t\t\t\t<\/a>\n\t\t\t\t<\/div>\n\t\t\t\t\t\t\t\t<\/div>\n\t\t\t\t<\/div>\n\t\t\t\t\t<\/div>\n\t\t\t\t<\/div>\n\t\t\t\t<\/div>","protected":false},"excerpt":{"rendered":"<p>Sertifikalar Kalitemiz Uluslararas\u0131 Standartlarla Tescillendi Thermole olarak \u00fcr\u00fcn kalitemizi ve y\u00f6netim sistemlerimizi uluslararas\u0131 ba\u011f\u0131ms\u0131z kurulu\u015flar\u0131n denetimine sunuyoruz. \u00dcretim s\u00fcre\u00e7lerimiz Avrupa normlar\u0131na (EN) ve k\u00fcresel standartlara tam uyumludur. ATG \u0130zolasyon Profili Uygunluk Sertifikas\u0131 UBATc Web Sitesi ISO 9001: 2015 Kalite Y\u00f6netim Sistemi M\u00fc\u015fteri memnuniyeti ve s\u00fcre\u00e7 y\u00f6netiminde k\u00fcresel standart. ISO 45001: 2018 \u0130\u015f Sa\u011fl\u0131\u011f\u0131 ve G\u00fcvenli\u011fi [&hellip;]<\/p>","protected":false},"author":1,"featured_media":0,"parent":0,"menu_order":0,"comment_status":"closed","ping_status":"closed","template":"","meta":{"footnotes":""},"class_list":["post-4823","page","type-page","status-publish","hentry"],"_links":{"self":[{"href":"https:\/\/thermole.com.tr\/ru\/wp-json\/wp\/v2\/pages\/4823","targetHints":{"allow":["GET"]}}],"collection":[{"href":"https:\/\/thermole.com.tr\/ru\/wp-json\/wp\/v2\/pages"}],"about":[{"href":"https:\/\/thermole.com.tr\/ru\/wp-json\/wp\/v2\/types\/page"}],"author":[{"embeddable":true,"href":"https:\/\/thermole.com.tr\/ru\/wp-json\/wp\/v2\/users\/1"}],"replies":[{"embeddable":true,"href":"https:\/\/thermole.com.tr\/ru\/wp-json\/wp\/v2\/comments?post=4823"}],"version-history":[{"count":98,"href":"https:\/\/thermole.com.tr\/ru\/wp-json\/wp\/v2\/pages\/4823\/revisions"}],"predecessor-version":[{"id":6638,"href":"https:\/\/thermole.com.tr\/ru\/wp-json\/wp\/v2\/pages\/4823\/revisions\/6638"}],"wp:attachment":[{"href":"https:\/\/thermole.com.tr\/ru\/wp-json\/wp\/v2\/media?parent=4823"}],"curies":[{"name":"WP","href":"https:\/\/api.w.org\/{rel}","templated":true}]}}