{"id":4823,"date":"2024-06-19T15:16:36","date_gmt":"2024-06-19T12:16:36","guid":{"rendered":"http:\/\/thermole.com.tr\/?page_id=4823"},"modified":"2026-04-03T19:42:53","modified_gmt":"2026-04-03T16:42:53","slug":"certificados","status":"publish","type":"page","link":"https:\/\/thermole.com.tr\/es\/certificados\/","title":{"rendered":"Certificados"},"content":{"rendered":"<div data-elementor-type=\"wp-page\" data-elementor-id=\"4823\" class=\"elementor elementor-4823\" data-elementor-post-type=\"page\">\n\t\t\t\t<div class=\"elementor-element elementor-element-6557778 e-flex e-con-boxed e-con e-parent\" data-id=\"6557778\" data-element_type=\"container\" data-settings=\"{&quot;background_background&quot;:&quot;gradient&quot;}\">\n\t\t\t\t\t<div class=\"e-con-inner\">\n\t\t\t\t<div class=\"elementor-element elementor-element-4efa3da elementor-widget elementor-widget-heading\" data-id=\"4efa3da\" data-element_type=\"widget\" data-widget_type=\"heading.default\">\n\t\t\t\t<div class=\"elementor-widget-container\">\n\t\t\t\t\t<h1 class=\"elementor-heading-title elementor-size-default\">Certificados<\/h1>\t\t\t\t<\/div>\n\t\t\t\t<\/div>\n\t\t\t\t\t<\/div>\n\t\t\t\t<\/div>\n\t\t<div class=\"elementor-element elementor-element-28e11b3 e-flex e-con-boxed e-con e-parent\" data-id=\"28e11b3\" data-element_type=\"container\" data-settings=\"{&quot;background_background&quot;:&quot;classic&quot;}\">\n\t\t\t\t\t<div class=\"e-con-inner\">\n\t\t\t\t<div class=\"elementor-element elementor-element-3a93e58 elementor-widget__width-inherit elementor-invisible elementor-widget elementor-widget-heading\" data-id=\"3a93e58\" data-element_type=\"widget\" data-settings=\"{&quot;_animation&quot;:&quot;fadeIn&quot;}\" data-widget_type=\"heading.default\">\n\t\t\t\t<div class=\"elementor-widget-container\">\n\t\t\t\t\t<h1 class=\"elementor-heading-title elementor-size-default\">Nuestra calidad est\u00e1 certificada por est\u00e1ndares internacionales.<\/h1>\t\t\t\t<\/div>\n\t\t\t\t<\/div>\n\t\t\t\t<div class=\"elementor-element elementor-element-4d77648 elementor-widget elementor-widget-text-editor\" data-id=\"4d77648\" data-element_type=\"widget\" data-widget_type=\"text-editor.default\">\n\t\t\t\t<div class=\"elementor-widget-container\">\n\t\t\t\t\t\t\t\t\t<p>En Thermole, sometemos nuestros sistemas de calidad y gesti\u00f3n de productos a auditor\u00edas realizadas por organizaciones internacionales independientes. Nuestros procesos de producci\u00f3n cumplen plenamente con las normas europeas (EN) y los est\u00e1ndares internacionales.<\/p>\t\t\t\t\t\t\t\t<\/div>\n\t\t\t\t<\/div>\n\t\t\t\t\t<\/div>\n\t\t\t\t<\/div>\n\t\t<div class=\"elementor-element elementor-element-6708553 e-flex e-con-boxed e-con e-parent\" data-id=\"6708553\" data-element_type=\"container\">\n\t\t\t\t\t<div class=\"e-con-inner\">\n\t\t<div class=\"elementor-element elementor-element-e507889 e-con-full e-flex elementor-invisible e-con e-child\" data-id=\"e507889\" data-element_type=\"container\" data-settings=\"{&quot;background_background&quot;:&quot;classic&quot;,&quot;animation&quot;:&quot;fadeInLeft&quot;,&quot;animation_mobile&quot;:&quot;fadeInLeft&quot;}\">\n\t\t\t\t<div class=\"elementor-element elementor-element-6e1e428 elementor-widget elementor-widget-heading\" data-id=\"6e1e428\" data-element_type=\"widget\" data-widget_type=\"heading.default\">\n\t\t\t\t<div class=\"elementor-widget-container\">\n\t\t\t\t\t<h2 class=\"elementor-heading-title elementor-size-default\">ATG<\/h2>\t\t\t\t<\/div>\n\t\t\t\t<\/div>\n\t\t\t\t<div class=\"elementor-element elementor-element-5aa6bcf elementor-widget elementor-widget-heading\" data-id=\"5aa6bcf\" data-element_type=\"widget\" data-widget_type=\"heading.default\">\n\t\t\t\t<div class=\"elementor-widget-container\">\n\t\t\t\t\t<h2 class=\"elementor-heading-title elementor-size-default\">Certificado de conformidad del perfil de aislamiento<\/h2>\t\t\t\t<\/div>\n\t\t\t\t<\/div>\n\t\t\t\t<div class=\"elementor-element elementor-element-4abc69c elementor-widget elementor-widget-image\" data-id=\"4abc69c\" data-element_type=\"widget\" data-settings=\"{&quot;_animation&quot;:&quot;none&quot;}\" data-widget_type=\"image.default\">\n\t\t\t\t<div class=\"elementor-widget-container\">\n\t\t\t\t\t\t\t\t\t\t\t\t\t\t\t\t<a href=\"https:\/\/thermole.com.tr\/wp-content\/uploads\/2026\/03\/ATGH987-Thermole.webp\" data-elementor-open-lightbox=\"yes\" data-elementor-lightbox-title=\"ATGH987-Thermole\" data-elementor-lightbox-description=\"ATGH987-Thermole\" data-e-action-hash=\"#elementor-action%3Aaction%3Dlightbox%26settings%3DeyJpZCI6NjYxNSwidXJsIjoiaHR0cHM6XC9cL3RoZXJtb2xlLmNvbS50clwvd3AtY29udGVudFwvdXBsb2Fkc1wvMjAyNlwvMDNcL0FUR0g5ODctVGhlcm1vbGUud2VicCJ9\">\n\t\t\t\t\t\t\t<img fetchpriority=\"high\" decoding=\"async\" width=\"724\" height=\"1024\" src=\"https:\/\/thermole.com.tr\/wp-content\/uploads\/2026\/03\/ATGH987-Thermole-724x1024.webp\" class=\"attachment-large size-large wp-image-6615\" alt=\"ATGH987-T\u00e9rmico\" srcset=\"https:\/\/thermole.com.tr\/wp-content\/uploads\/2026\/03\/ATGH987-Thermole-724x1024.webp 724w, https:\/\/thermole.com.tr\/wp-content\/uploads\/2026\/03\/ATGH987-Thermole-212x300.webp 212w, https:\/\/thermole.com.tr\/wp-content\/uploads\/2026\/03\/ATGH987-Thermole-768x1086.webp 768w, https:\/\/thermole.com.tr\/wp-content\/uploads\/2026\/03\/ATGH987-Thermole-1086x1536.webp 1086w, https:\/\/thermole.com.tr\/wp-content\/uploads\/2026\/03\/ATGH987-Thermole-1448x2048.webp 1448w, https:\/\/thermole.com.tr\/wp-content\/uploads\/2026\/03\/ATGH987-Thermole-8x12.webp 8w, https:\/\/thermole.com.tr\/wp-content\/uploads\/2026\/03\/ATGH987-Thermole.webp 1654w\" sizes=\"(max-width: 724px) 100vw, 724px\" \/>\t\t\t\t\t\t\t\t<\/a>\n\t\t\t\t\t\t\t\t\t\t\t\t\t\t\t<\/div>\n\t\t\t\t<\/div>\n\t\t\t\t<div class=\"elementor-element elementor-element-6701be3 elementor-widget elementor-widget-heading\" data-id=\"6701be3\" data-element_type=\"widget\" data-widget_type=\"heading.default\">\n\t\t\t\t<div class=\"elementor-widget-container\">\n\t\t\t\t\t<h2 class=\"elementor-heading-title elementor-size-default\"><a href=\"https:\/\/butgb-ubatc.be\/en\/technical_approval\/atg-h987\/\" target=\"_blank\" rel=\"noopener\">Sitio web de UBATc<\/a><\/h2>\t\t\t\t<\/div>\n\t\t\t\t<\/div>\n\t\t\t\t<\/div>\n\t\t<div class=\"elementor-element elementor-element-b71f795 e-con-full e-flex elementor-invisible e-con e-child\" data-id=\"b71f795\" data-element_type=\"container\" data-settings=\"{&quot;background_background&quot;:&quot;classic&quot;,&quot;animation&quot;:&quot;fadeInRight&quot;,&quot;animation_mobile&quot;:&quot;fadeInLeft&quot;}\">\n\t\t\t\t<div class=\"elementor-element elementor-element-6df916e elementor-widget elementor-widget-heading\" data-id=\"6df916e\" data-element_type=\"widget\" data-widget_type=\"heading.default\">\n\t\t\t\t<div class=\"elementor-widget-container\">\n\t\t\t\t\t<h2 class=\"elementor-heading-title elementor-size-default\">ISO 9001:2015<\/h2>\t\t\t\t<\/div>\n\t\t\t\t<\/div>\n\t\t\t\t<div class=\"elementor-element elementor-element-17ab0d8 elementor-widget elementor-widget-heading\" data-id=\"17ab0d8\" data-element_type=\"widget\" data-widget_type=\"heading.default\">\n\t\t\t\t<div class=\"elementor-widget-container\">\n\t\t\t\t\t<h2 class=\"elementor-heading-title elementor-size-default\">Sistema de Gesti\u00f3n de Calidad<\/h2>\t\t\t\t<\/div>\n\t\t\t\t<\/div>\n\t\t\t\t<div class=\"elementor-element elementor-element-fcbf100 elementor-widget elementor-widget-image\" data-id=\"fcbf100\" data-element_type=\"widget\" data-settings=\"{&quot;_animation&quot;:&quot;none&quot;}\" data-widget_type=\"image.default\">\n\t\t\t\t<div class=\"elementor-widget-container\">\n\t\t\t\t\t\t\t\t\t\t\t\t\t\t\t\t<a href=\"https:\/\/thermole.com.tr\/wp-content\/uploads\/2025\/09\/thermole-iso9001.webp\" data-elementor-open-lightbox=\"yes\" data-elementor-lightbox-title=\"thermole-iso9001\" data-e-action-hash=\"#elementor-action%3Aaction%3Dlightbox%26settings%3DeyJpZCI6NTIyOCwidXJsIjoiaHR0cHM6XC9cL3RoZXJtb2xlLmNvbS50clwvd3AtY29udGVudFwvdXBsb2Fkc1wvMjAyNVwvMDlcL3RoZXJtb2xlLWlzbzkwMDEud2VicCJ9\">\n\t\t\t\t\t\t\t<img decoding=\"async\" width=\"596\" height=\"849\" src=\"https:\/\/thermole.com.tr\/wp-content\/uploads\/2025\/09\/thermole-iso9001.webp\" class=\"attachment-large size-large wp-image-5228\" alt=\"\" srcset=\"https:\/\/thermole.com.tr\/wp-content\/uploads\/2025\/09\/thermole-iso9001.webp 596w, https:\/\/thermole.com.tr\/wp-content\/uploads\/2025\/09\/thermole-iso9001-211x300.webp 211w, https:\/\/thermole.com.tr\/wp-content\/uploads\/2025\/09\/thermole-iso9001-8x12.webp 8w, https:\/\/thermole.com.tr\/wp-content\/uploads\/2025\/09\/thermole-iso9001-200x285.webp 200w\" sizes=\"(max-width: 596px) 100vw, 596px\" \/>\t\t\t\t\t\t\t\t<\/a>\n\t\t\t\t\t\t\t\t\t\t\t\t\t\t\t<\/div>\n\t\t\t\t<\/div>\n\t\t\t\t<div class=\"elementor-element elementor-element-81db651 elementor-widget elementor-widget-heading\" data-id=\"81db651\" data-element_type=\"widget\" data-widget_type=\"heading.default\">\n\t\t\t\t<div class=\"elementor-widget-container\">\n\t\t\t\t\t<div class=\"elementor-heading-title elementor-size-default\">Un est\u00e1ndar global en satisfacci\u00f3n del cliente y gesti\u00f3n de procesos.<\/div>\t\t\t\t<\/div>\n\t\t\t\t<\/div>\n\t\t\t\t<\/div>\n\t\t\t\t\t<\/div>\n\t\t\t\t<\/div>\n\t\t<div class=\"elementor-element elementor-element-8e5e729 e-flex e-con-boxed e-con e-parent\" data-id=\"8e5e729\" data-element_type=\"container\">\n\t\t\t\t\t<div class=\"e-con-inner\">\n\t\t<div class=\"elementor-element elementor-element-6552092 e-con-full e-flex elementor-invisible e-con e-child\" data-id=\"6552092\" data-element_type=\"container\" data-settings=\"{&quot;background_background&quot;:&quot;classic&quot;,&quot;animation&quot;:&quot;fadeIn&quot;,&quot;animation_mobile&quot;:&quot;fadeInLeft&quot;}\">\n\t\t\t\t<div class=\"elementor-element elementor-element-2a0f82e elementor-widget elementor-widget-heading\" data-id=\"2a0f82e\" data-element_type=\"widget\" data-widget_type=\"heading.default\">\n\t\t\t\t<div class=\"elementor-widget-container\">\n\t\t\t\t\t<h2 class=\"elementor-heading-title elementor-size-default\">ISO 45001:2018<\/h2>\t\t\t\t<\/div>\n\t\t\t\t<\/div>\n\t\t\t\t<div class=\"elementor-element elementor-element-f60678b elementor-widget elementor-widget-heading\" data-id=\"f60678b\" data-element_type=\"widget\" data-widget_type=\"heading.default\">\n\t\t\t\t<div class=\"elementor-widget-container\">\n\t\t\t\t\t<h2 class=\"elementor-heading-title elementor-size-default\">Sistema de Gesti\u00f3n de Seguridad y Salud en el Trabajo<\/h2>\t\t\t\t<\/div>\n\t\t\t\t<\/div>\n\t\t\t\t<div class=\"elementor-element elementor-element-38109d8 elementor-widget elementor-widget-image\" data-id=\"38109d8\" data-element_type=\"widget\" data-settings=\"{&quot;_animation&quot;:&quot;none&quot;}\" data-widget_type=\"image.default\">\n\t\t\t\t<div class=\"elementor-widget-container\">\n\t\t\t\t\t\t\t\t\t\t\t\t\t\t\t\t<a href=\"https:\/\/thermole.com.tr\/wp-content\/uploads\/2025\/09\/thermole-iso45001.webp\" data-elementor-open-lightbox=\"yes\" data-elementor-lightbox-title=\"thermole-iso45001\" data-e-action-hash=\"#elementor-action%3Aaction%3Dlightbox%26settings%3DeyJpZCI6NTIzMCwidXJsIjoiaHR0cHM6XC9cL3RoZXJtb2xlLmNvbS50clwvd3AtY29udGVudFwvdXBsb2Fkc1wvMjAyNVwvMDlcL3RoZXJtb2xlLWlzbzQ1MDAxLndlYnAifQ%3D%3D\">\n\t\t\t\t\t\t\t<img decoding=\"async\" width=\"570\" height=\"820\" src=\"https:\/\/thermole.com.tr\/wp-content\/uploads\/2025\/09\/thermole-iso45001.webp\" class=\"attachment-large size-large wp-image-5230\" alt=\"\" srcset=\"https:\/\/thermole.com.tr\/wp-content\/uploads\/2025\/09\/thermole-iso45001.webp 570w, https:\/\/thermole.com.tr\/wp-content\/uploads\/2025\/09\/thermole-iso45001-209x300.webp 209w, https:\/\/thermole.com.tr\/wp-content\/uploads\/2025\/09\/thermole-iso45001-8x12.webp 8w, https:\/\/thermole.com.tr\/wp-content\/uploads\/2025\/09\/thermole-iso45001-200x288.webp 200w\" sizes=\"(max-width: 570px) 100vw, 570px\" \/>\t\t\t\t\t\t\t\t<\/a>\n\t\t\t\t\t\t\t\t\t\t\t\t\t\t\t<\/div>\n\t\t\t\t<\/div>\n\t\t\t\t<div class=\"elementor-element elementor-element-a364c05 elementor-widget elementor-widget-heading\" data-id=\"a364c05\" data-element_type=\"widget\" data-widget_type=\"heading.default\">\n\t\t\t\t<div class=\"elementor-widget-container\">\n\t\t\t\t\t<h2 class=\"elementor-heading-title elementor-size-default\">La seguridad de nuestros empleados es nuestra prioridad.<\/h2>\t\t\t\t<\/div>\n\t\t\t\t<\/div>\n\t\t\t\t<\/div>\n\t\t<div class=\"elementor-element elementor-element-3a14e46 e-con-full e-flex elementor-invisible e-con e-child\" data-id=\"3a14e46\" data-element_type=\"container\" data-settings=\"{&quot;background_background&quot;:&quot;classic&quot;,&quot;animation&quot;:&quot;fadeIn&quot;,&quot;animation_mobile&quot;:&quot;fadeInLeft&quot;}\">\n\t\t\t\t<div class=\"elementor-element elementor-element-80270a9 elementor-widget elementor-widget-heading\" data-id=\"80270a9\" data-element_type=\"widget\" data-widget_type=\"heading.default\">\n\t\t\t\t<div class=\"elementor-widget-container\">\n\t\t\t\t\t<h2 class=\"elementor-heading-title elementor-size-default\">ISO 14001:2015<\/h2>\t\t\t\t<\/div>\n\t\t\t\t<\/div>\n\t\t\t\t<div class=\"elementor-element elementor-element-421a423 elementor-widget elementor-widget-heading\" data-id=\"421a423\" data-element_type=\"widget\" data-widget_type=\"heading.default\">\n\t\t\t\t<div class=\"elementor-widget-container\">\n\t\t\t\t\t<h2 class=\"elementor-heading-title elementor-size-default\">Sistema de Gesti\u00f3n Ambiental<\/h2>\t\t\t\t<\/div>\n\t\t\t\t<\/div>\n\t\t\t\t<div class=\"elementor-element elementor-element-e8505b6 elementor-widget elementor-widget-image\" data-id=\"e8505b6\" data-element_type=\"widget\" data-settings=\"{&quot;_animation&quot;:&quot;none&quot;}\" data-widget_type=\"image.default\">\n\t\t\t\t<div class=\"elementor-widget-container\">\n\t\t\t\t\t\t\t\t\t\t\t\t\t\t\t\t<a href=\"https:\/\/thermole.com.tr\/wp-content\/uploads\/2025\/09\/thermole-iso14001.webp\" data-elementor-open-lightbox=\"yes\" data-elementor-lightbox-title=\"thermole-iso14001\" data-e-action-hash=\"#elementor-action%3Aaction%3Dlightbox%26settings%3DeyJpZCI6NTIyOSwidXJsIjoiaHR0cHM6XC9cL3RoZXJtb2xlLmNvbS50clwvd3AtY29udGVudFwvdXBsb2Fkc1wvMjAyNVwvMDlcL3RoZXJtb2xlLWlzbzE0MDAxLndlYnAifQ%3D%3D\">\n\t\t\t\t\t\t\t<img loading=\"lazy\" decoding=\"async\" width=\"592\" height=\"834\" src=\"https:\/\/thermole.com.tr\/wp-content\/uploads\/2025\/09\/thermole-iso14001.webp\" class=\"attachment-large size-large wp-image-5229\" alt=\"\" srcset=\"https:\/\/thermole.com.tr\/wp-content\/uploads\/2025\/09\/thermole-iso14001.webp 592w, https:\/\/thermole.com.tr\/wp-content\/uploads\/2025\/09\/thermole-iso14001-213x300.webp 213w, https:\/\/thermole.com.tr\/wp-content\/uploads\/2025\/09\/thermole-iso14001-9x12.webp 9w, https:\/\/thermole.com.tr\/wp-content\/uploads\/2025\/09\/thermole-iso14001-200x282.webp 200w\" sizes=\"(max-width: 592px) 100vw, 592px\" \/>\t\t\t\t\t\t\t\t<\/a>\n\t\t\t\t\t\t\t\t\t\t\t\t\t\t\t<\/div>\n\t\t\t\t<\/div>\n\t\t\t\t<div class=\"elementor-element elementor-element-07c767e elementor-widget elementor-widget-heading\" data-id=\"07c767e\" data-element_type=\"widget\" data-widget_type=\"heading.default\">\n\t\t\t\t<div class=\"elementor-widget-container\">\n\t\t\t\t\t<h2 class=\"elementor-heading-title elementor-size-default\">Nuestro compromiso con la producci\u00f3n respetuosa con el medio ambiente.<\/h2>\t\t\t\t<\/div>\n\t\t\t\t<\/div>\n\t\t\t\t<\/div>\n\t\t<div class=\"elementor-element elementor-element-b1cb6a5 e-con-full e-flex elementor-invisible e-con e-child\" data-id=\"b1cb6a5\" data-element_type=\"container\" data-settings=\"{&quot;background_background&quot;:&quot;classic&quot;,&quot;animation&quot;:&quot;fadeIn&quot;,&quot;animation_mobile&quot;:&quot;fadeInLeft&quot;}\">\n\t\t\t\t<div class=\"elementor-element elementor-element-e615a42 elementor-widget elementor-widget-heading\" data-id=\"e615a42\" data-element_type=\"widget\" data-widget_type=\"heading.default\">\n\t\t\t\t<div class=\"elementor-widget-container\">\n\t\t\t\t\t<h2 class=\"elementor-heading-title elementor-size-default\">CERTIFICADO CERO RESIDUOS<\/h2>\t\t\t\t<\/div>\n\t\t\t\t<\/div>\n\t\t\t\t<div class=\"elementor-element elementor-element-c33ea48 elementor-widget elementor-widget-heading\" data-id=\"c33ea48\" data-element_type=\"widget\" data-widget_type=\"heading.default\">\n\t\t\t\t<div class=\"elementor-widget-container\">\n\t\t\t\t\t<h2 class=\"elementor-heading-title elementor-size-default\">Sistema de gesti\u00f3n de residuos cero<\/h2>\t\t\t\t<\/div>\n\t\t\t\t<\/div>\n\t\t\t\t<div class=\"elementor-element elementor-element-0955086 elementor-widget elementor-widget-image\" data-id=\"0955086\" data-element_type=\"widget\" data-settings=\"{&quot;_animation&quot;:&quot;none&quot;}\" data-widget_type=\"image.default\">\n\t\t\t\t<div class=\"elementor-widget-container\">\n\t\t\t\t\t\t\t\t\t\t\t\t\t\t\t\t<a href=\"https:\/\/thermole.com.tr\/wp-content\/uploads\/2026\/01\/sifir-atik-belgesi-scaled-e1768911220102.webp\" data-elementor-open-lightbox=\"yes\" data-elementor-lightbox-title=\"sifir-atik-belgesi\" data-e-action-hash=\"#elementor-action%3Aaction%3Dlightbox%26settings%3DeyJpZCI6NjYwMywidXJsIjoiaHR0cHM6XC9cL3RoZXJtb2xlLmNvbS50clwvd3AtY29udGVudFwvdXBsb2Fkc1wvMjAyNlwvMDFcL3NpZmlyLWF0aWstYmVsZ2VzaS1zY2FsZWQtZTE3Njg5MTEyMjAxMDIud2VicCJ9\">\n\t\t\t\t\t\t\t<img loading=\"lazy\" decoding=\"async\" width=\"800\" height=\"574\" src=\"https:\/\/thermole.com.tr\/wp-content\/uploads\/2026\/01\/sifir-atik-belgesi-scaled-e1768911220102-1024x735.webp\" class=\"attachment-large size-large wp-image-6603\" alt=\"\" srcset=\"https:\/\/thermole.com.tr\/wp-content\/uploads\/2026\/01\/sifir-atik-belgesi-scaled-e1768911220102-1024x735.webp 1024w, https:\/\/thermole.com.tr\/wp-content\/uploads\/2026\/01\/sifir-atik-belgesi-scaled-e1768911220102-300x215.webp 300w, https:\/\/thermole.com.tr\/wp-content\/uploads\/2026\/01\/sifir-atik-belgesi-scaled-e1768911220102-768x551.webp 768w, https:\/\/thermole.com.tr\/wp-content\/uploads\/2026\/01\/sifir-atik-belgesi-scaled-e1768911220102-1536x1102.webp 1536w, https:\/\/thermole.com.tr\/wp-content\/uploads\/2026\/01\/sifir-atik-belgesi-scaled-e1768911220102-2048x1470.webp 2048w, https:\/\/thermole.com.tr\/wp-content\/uploads\/2026\/01\/sifir-atik-belgesi-scaled-e1768911220102-18x12.webp 18w\" sizes=\"(max-width: 800px) 100vw, 800px\" \/>\t\t\t\t\t\t\t\t<\/a>\n\t\t\t\t\t\t\t\t\t\t\t\t\t\t\t<\/div>\n\t\t\t\t<\/div>\n\t\t\t\t<\/div>\n\t\t\t\t\t<\/div>\n\t\t\t\t<\/div>\n\t\t<div class=\"elementor-element elementor-element-de33bd1 e-flex e-con-boxed e-con e-parent\" data-id=\"de33bd1\" data-element_type=\"container\">\n\t\t\t\t\t<div class=\"e-con-inner\">\n\t\t\t\t<div class=\"elementor-element elementor-element-796289e elementor-align-justify elementor-mobile-align-justify elementor-widget__width-initial elementor-widget elementor-widget-button\" data-id=\"796289e\" data-element_type=\"widget\" data-widget_type=\"button.default\">\n\t\t\t\t<div class=\"elementor-widget-container\">\n\t\t\t\t\t\t\t\t\t<div class=\"elementor-button-wrapper\">\n\t\t\t\t\t<a class=\"elementor-button elementor-button-link elementor-size-sm\" href=\"https:\/\/wa.me\/905412450296\" target=\"_blank\" rel=\"noopener\">\n\t\t\t\t\t\t<span class=\"elementor-button-content-wrapper\">\n\t\t\t\t\t\t<span class=\"elementor-button-icon\">\n\t\t\t\t<svg aria-hidden=\"true\" class=\"e-font-icon-svg e-fas-file-download\" viewbox=\"0 0 384 512\" xmlns=\"http:\/\/www.w3.org\/2000\/svg\"><path d=\"M224 136V0H24C10.7 0 0 10.7 0 24v464c0 13.3 10.7 24 24 24h336c13.3 0 24-10.7 24-24V160H248c-13.2 0-24-10.8-24-24zm76.45 211.36l-96.42 95.7c-6.65 6.61-17.39 6.61-24.04 0l-96.42-95.7C73.42 337.29 80.54 320 94.82 320H160v-80c0-8.84 7.16-16 16-16h32c8.84 0 16 7.16 16 16v80h65.18c14.28 0 21.4 17.29 11.27 27.36zM377 105L279.1 7c-4.5-4.5-10.6-7-17-7H256v128h128v-6.1c0-6.3-2.5-12.4-7-16.9z\"><\/path><\/svg>\t\t\t<\/span>\n\t\t\t\t\t\t\t\t\t<span class=\"elementor-button-text\">Descargar documentos en formato PDF<\/span>\n\t\t\t\t\t<\/span>\n\t\t\t\t\t<\/a>\n\t\t\t\t<\/div>\n\t\t\t\t\t\t\t\t<\/div>\n\t\t\t\t<\/div>\n\t\t\t\t\t<\/div>\n\t\t\t\t<\/div>\n\t\t\t\t<\/div>","protected":false},"excerpt":{"rendered":"<p>Certificados Nuestra calidad est\u00e1 certificada por est\u00e1ndares internacionales En Thermole, sometemos la calidad de nuestros productos y nuestros sistemas de gesti\u00f3n a la auditor\u00eda de organizaciones internacionales independientes. Nuestros procesos de producci\u00f3n cumplen plenamente con las normas europeas (EN) y los est\u00e1ndares globales. Certificado de conformidad del perfil de aislamiento ATG Sitio web de UBATc Sistema de gesti\u00f3n de calidad ISO 9001:2015 Est\u00e1ndar global en satisfacci\u00f3n del cliente y gesti\u00f3n de procesos. Seguridad y salud en el trabajo ISO 45001:2018 [\u2026]<\/p>","protected":false},"author":1,"featured_media":0,"parent":0,"menu_order":0,"comment_status":"closed","ping_status":"closed","template":"","meta":{"footnotes":""},"class_list":["post-4823","page","type-page","status-publish","hentry"],"_links":{"self":[{"href":"https:\/\/thermole.com.tr\/es\/wp-json\/wp\/v2\/pages\/4823","targetHints":{"allow":["GET"]}}],"collection":[{"href":"https:\/\/thermole.com.tr\/es\/wp-json\/wp\/v2\/pages"}],"about":[{"href":"https:\/\/thermole.com.tr\/es\/wp-json\/wp\/v2\/types\/page"}],"author":[{"embeddable":true,"href":"https:\/\/thermole.com.tr\/es\/wp-json\/wp\/v2\/users\/1"}],"replies":[{"embeddable":true,"href":"https:\/\/thermole.com.tr\/es\/wp-json\/wp\/v2\/comments?post=4823"}],"version-history":[{"count":98,"href":"https:\/\/thermole.com.tr\/es\/wp-json\/wp\/v2\/pages\/4823\/revisions"}],"predecessor-version":[{"id":6638,"href":"https:\/\/thermole.com.tr\/es\/wp-json\/wp\/v2\/pages\/4823\/revisions\/6638"}],"wp:attachment":[{"href":"https:\/\/thermole.com.tr\/es\/wp-json\/wp\/v2\/media?parent=4823"}],"curies":[{"name":"wp","href":"https:\/\/api.w.org\/{rel}","templated":true}]}}